{"id":1876,"date":"2024-02-16T09:15:41","date_gmt":"2024-02-16T09:15:41","guid":{"rendered":"https:\/\/www.internation-talents.de\/?page_id=1876"},"modified":"2024-02-23T10:36:02","modified_gmt":"2024-02-23T10:36:02","slug":"talents-internationaux","status":"publish","type":"page","link":"https:\/\/www.internation-talents.de\/fr\/talents-internationaux\/","title":{"rendered":"Acquisition de talents internationaux"},"content":{"rendered":"\t\t<div data-elementor-type=\"wp-page\" data-elementor-id=\"1876\" class=\"elementor elementor-1876\" data-elementor-post-type=\"page\">\n\t\t\t\t\t\t<section class=\"elementor-section elementor-top-section elementor-element elementor-element-92b0f1e elementor-section-boxed elementor-section-height-default elementor-section-height-default\" data-id=\"92b0f1e\" data-element_type=\"section\" data-settings=\"{&quot;background_background&quot;:&quot;classic&quot;}\">\n\t\t\t\t\t\t<div class=\"elementor-container elementor-column-gap-default\">\n\t\t\t\t\t<div class=\"elementor-column elementor-col-100 elementor-top-column elementor-element elementor-element-8e45ab1\" data-id=\"8e45ab1\" data-element_type=\"column\">\n\t\t\t<div class=\"elementor-widget-wrap elementor-element-populated\">\n\t\t\t\t\t\t\t<\/div>\n\t\t<\/div>\n\t\t\t\t\t<\/div>\n\t\t<\/section>\n\t\t\t\t<section class=\"elementor-section elementor-top-section elementor-element elementor-element-8508055 elementor-reverse-mobile elementor-section-boxed elementor-section-height-default elementor-section-height-default\" data-id=\"8508055\" data-element_type=\"section\" data-settings=\"{&quot;background_background&quot;:&quot;classic&quot;}\">\n\t\t\t\t\t\t<div class=\"elementor-container elementor-column-gap-default\">\n\t\t\t\t\t<div class=\"elementor-column elementor-col-50 elementor-top-column elementor-element elementor-element-96f3b64\" data-id=\"96f3b64\" data-element_type=\"column\">\n\t\t\t<div class=\"elementor-widget-wrap elementor-element-populated\">\n\t\t\t\t\t\t<div class=\"elementor-element elementor-element-4268d40 elementor-invisible elementor-widget elementor-widget-heading\" data-id=\"4268d40\" data-element_type=\"widget\" data-settings=\"{&quot;_animation&quot;:&quot;fadeInLeft&quot;}\" data-widget_type=\"heading.default\">\n\t\t\t\t<div class=\"elementor-widget-container\">\n\t\t\t<style>\/*! elementor - v3.20.0 - 26-03-2024 *\/\n.elementor-heading-title{padding:0;margin:0;line-height:1}.elementor-widget-heading .elementor-heading-title[class*=elementor-size-]>a{color:inherit;font-size:inherit;line-height:inherit}.elementor-widget-heading .elementor-heading-title.elementor-size-small{font-size:15px}.elementor-widget-heading .elementor-heading-title.elementor-size-medium{font-size:19px}.elementor-widget-heading .elementor-heading-title.elementor-size-large{font-size:29px}.elementor-widget-heading .elementor-heading-title.elementor-size-xl{font-size:39px}.elementor-widget-heading .elementor-heading-title.elementor-size-xxl{font-size:59px}<\/style><h3 class=\"elementor-heading-title elementor-size-default\">Acquisition de talents \u00e0 l'\u00e9chelle mondiale<\/h3>\t\t<\/div>\n\t\t\t\t<\/div>\n\t\t\t\t<div class=\"elementor-element elementor-element-22fb3e6 elementor-widget__width-initial elementor-widget-tablet__width-inherit elementor-invisible elementor-widget elementor-widget-text-editor\" data-id=\"22fb3e6\" data-element_type=\"widget\" data-settings=\"{&quot;_animation&quot;:&quot;fadeInLeft&quot;}\" data-widget_type=\"text-editor.default\">\n\t\t\t\t<div class=\"elementor-widget-container\">\n\t\t\t<style>\/*! elementor - v3.20.0 - 26-03-2024 *\/\n.elementor-widget-text-editor.elementor-drop-cap-view-stacked .elementor-drop-cap{background-color:#69727d;color:#fff}.elementor-widget-text-editor.elementor-drop-cap-view-framed .elementor-drop-cap{color:#69727d;border:3px solid;background-color:transparent}.elementor-widget-text-editor:not(.elementor-drop-cap-view-default) .elementor-drop-cap{margin-top:8px}.elementor-widget-text-editor:not(.elementor-drop-cap-view-default) .elementor-drop-cap-letter{width:1em;height:1em}.elementor-widget-text-editor .elementor-drop-cap{float:left;text-align:center;line-height:1;font-size:50px}.elementor-widget-text-editor .elementor-drop-cap-letter{display:inline-block}<\/style>\t\t\t\t<p>Explorez un large \u00e9ventail de professionnels internationaux comp\u00e9tents ma\u00eetrisant l&rsquo;allemand, offrant une expertise sur mesure pour la croissance de votre entreprise. Facilitant une assimilation transparente, ils favorisent l\u2019expansion dans des secteurs vitaux, garantissant ainsi la prosp\u00e9rit\u00e9 de votre entreprise.<\/p><p>Notre vaste r\u00e9seau vous met en contact avec les meilleurs talents, rationalisant ainsi le processus de recrutement. D\u00e9couvrez les avantages de la diversit\u00e9 mondiale et des comp\u00e9tences sp\u00e9cialis\u00e9es, favorisant l&rsquo;innovation et le succ\u00e8s dans le parcours de votre organisation vers l&rsquo;excellence.<\/p><p>Lib\u00e9rez un potentiel in\u00e9gal\u00e9 gr\u00e2ce \u00e0 notre r\u00e9seau mondial de talents, propulsant votre entreprise vers un succ\u00e8s durable dans le paysage concurrentiel d&rsquo;aujourd&rsquo;hui.<\/p>\t\t\t\t\t\t<\/div>\n\t\t\t\t<\/div>\n\t\t\t\t\t<\/div>\n\t\t<\/div>\n\t\t\t\t<div class=\"elementor-column elementor-col-50 elementor-top-column elementor-element elementor-element-2129a7d\" data-id=\"2129a7d\" data-element_type=\"column\">\n\t\t\t<div class=\"elementor-widget-wrap elementor-element-populated\">\n\t\t\t\t\t\t<div class=\"elementor-element elementor-element-5e1b803 elementor-widget__width-initial elementor-widget-mobile__width-inherit elementor-invisible elementor-widget elementor-widget-image\" data-id=\"5e1b803\" data-element_type=\"widget\" data-settings=\"{&quot;_animation&quot;:&quot;fadeInRight&quot;}\" data-widget_type=\"image.default\">\n\t\t\t\t<div class=\"elementor-widget-container\">\n\t\t\t<style>\/*! elementor - v3.20.0 - 26-03-2024 *\/\n.elementor-widget-image{text-align:center}.elementor-widget-image a{display:inline-block}.elementor-widget-image a img[src$=\".svg\"]{width:48px}.elementor-widget-image img{vertical-align:middle;display:inline-block}<\/style>\t\t\t\t\t\t\t\t\t\t<img fetchpriority=\"high\" decoding=\"async\" width=\"1500\" height=\"1125\" src=\"https:\/\/www.internation-talents.de\/wp-content\/uploads\/2024\/02\/65888e0abc9e6529e9d6c49d941d1f3f-1.jpg\" class=\"attachment-full size-full wp-image-820\" alt=\"\" srcset=\"https:\/\/www.internation-talents.de\/wp-content\/uploads\/2024\/02\/65888e0abc9e6529e9d6c49d941d1f3f-1.jpg 1500w, https:\/\/www.internation-talents.de\/wp-content\/uploads\/2024\/02\/65888e0abc9e6529e9d6c49d941d1f3f-1-300x225.jpg 300w, https:\/\/www.internation-talents.de\/wp-content\/uploads\/2024\/02\/65888e0abc9e6529e9d6c49d941d1f3f-1-1024x768.jpg 1024w, https:\/\/www.internation-talents.de\/wp-content\/uploads\/2024\/02\/65888e0abc9e6529e9d6c49d941d1f3f-1-768x576.jpg 768w\" sizes=\"(max-width: 1500px) 100vw, 1500px\" style=\"width:100%;height:75%;max-width:1500px\" \/>\t\t\t\t\t\t\t\t\t\t\t\t\t<\/div>\n\t\t\t\t<\/div>\n\t\t\t\t\t<\/div>\n\t\t<\/div>\n\t\t\t\t\t<\/div>\n\t\t<\/section>\n\t\t\t\t<section class=\"elementor-section elementor-top-section elementor-element elementor-element-af73963 elementor-section-content-middle elementor-section-boxed elementor-section-height-default elementor-section-height-default\" data-id=\"af73963\" data-element_type=\"section\">\n\t\t\t\t\t\t<div class=\"elementor-container elementor-column-gap-default\">\n\t\t\t\t\t<div class=\"elementor-column elementor-col-50 elementor-top-column elementor-element elementor-element-628fa90\" data-id=\"628fa90\" data-element_type=\"column\">\n\t\t\t<div class=\"elementor-widget-wrap elementor-element-populated\">\n\t\t\t\t\t\t<div class=\"elementor-element elementor-element-3ff7080 elementor-widget__width-initial elementor-widget-mobile__width-inherit elementor-invisible elementor-widget elementor-widget-image\" data-id=\"3ff7080\" data-element_type=\"widget\" data-settings=\"{&quot;_animation&quot;:&quot;fadeInLeft&quot;}\" data-widget_type=\"image.default\">\n\t\t\t\t<div class=\"elementor-widget-container\">\n\t\t\t\t\t\t\t\t\t\t\t\t\t<img decoding=\"async\" width=\"2560\" height=\"1707\" src=\"https:\/\/www.internation-talents.de\/wp-content\/uploads\/2024\/02\/e1ac196ff29998437722119430434bb0-min-scaled.jpg\" class=\"attachment-full size-full wp-image-821\" alt=\"\" srcset=\"https:\/\/www.internation-talents.de\/wp-content\/uploads\/2024\/02\/e1ac196ff29998437722119430434bb0-min-scaled.jpg 2560w, https:\/\/www.internation-talents.de\/wp-content\/uploads\/2024\/02\/e1ac196ff29998437722119430434bb0-min-300x200.jpg 300w, https:\/\/www.internation-talents.de\/wp-content\/uploads\/2024\/02\/e1ac196ff29998437722119430434bb0-min-1024x683.jpg 1024w, https:\/\/www.internation-talents.de\/wp-content\/uploads\/2024\/02\/e1ac196ff29998437722119430434bb0-min-768x512.jpg 768w, https:\/\/www.internation-talents.de\/wp-content\/uploads\/2024\/02\/e1ac196ff29998437722119430434bb0-min-1536x1024.jpg 1536w, https:\/\/www.internation-talents.de\/wp-content\/uploads\/2024\/02\/e1ac196ff29998437722119430434bb0-min-2048x1366.jpg 2048w, https:\/\/www.internation-talents.de\/wp-content\/uploads\/2024\/02\/e1ac196ff29998437722119430434bb0-min-1568x1045.jpg 1568w\" sizes=\"(max-width: 2560px) 100vw, 2560px\" style=\"width:100%;height:66.68%;max-width:2560px\" \/>\t\t\t\t\t\t\t\t\t\t\t\t\t<\/div>\n\t\t\t\t<\/div>\n\t\t\t\t\t<\/div>\n\t\t<\/div>\n\t\t\t\t<div class=\"elementor-column elementor-col-50 elementor-top-column elementor-element elementor-element-1b4bb2f\" data-id=\"1b4bb2f\" data-element_type=\"column\">\n\t\t\t<div class=\"elementor-widget-wrap elementor-element-populated\">\n\t\t\t\t\t\t<div class=\"elementor-element elementor-element-337453a elementor-invisible elementor-widget elementor-widget-heading\" data-id=\"337453a\" data-element_type=\"widget\" data-settings=\"{&quot;_animation&quot;:&quot;fadeInRight&quot;}\" data-widget_type=\"heading.default\">\n\t\t\t\t<div class=\"elementor-widget-container\">\n\t\t\t<h3 class=\"elementor-heading-title elementor-size-default\">Recrutement de talents transfrontaliers<\/h3>\t\t<\/div>\n\t\t\t\t<\/div>\n\t\t\t\t<div class=\"elementor-element elementor-element-95e75ef elementor-widget__width-initial elementor-widget-tablet__width-inherit elementor-invisible elementor-widget elementor-widget-text-editor\" data-id=\"95e75ef\" data-element_type=\"widget\" data-settings=\"{&quot;_animation&quot;:&quot;fadeInRight&quot;}\" data-widget_type=\"text-editor.default\">\n\t\t\t\t<div class=\"elementor-widget-container\">\n\t\t\t\t\t\t\t<p>Explorez un large \u00e9ventail de professionnels internationaux comp\u00e9tents ma\u00eetrisant l&rsquo;allemand, offrant une expertise sur mesure pour la croissance de votre entreprise. Facilitant une assimilation transparente, ils favorisent l\u2019expansion dans des secteurs vitaux, garantissant ainsi la prosp\u00e9rit\u00e9 de votre entreprise. Lib\u00e9rez un potentiel in\u00e9gal\u00e9 gr\u00e2ce \u00e0 notre r\u00e9seau mondial de talents, propulsant votre entreprise vers un succ\u00e8s durable dans le paysage concurrentiel d&rsquo;aujourd&rsquo;hui.<\/p><p>Notre vaste r\u00e9seau vous met en contact avec les meilleurs talents, rationalisant ainsi le processus de recrutement. D\u00e9couvrez les avantages de la diversit\u00e9 mondiale et des comp\u00e9tences sp\u00e9cialis\u00e9es, favorisant l&rsquo;innovation et le succ\u00e8s dans le parcours de votre organisation vers l&rsquo;excellence.<\/p><p>Lib\u00e9rez un potentiel in\u00e9gal\u00e9 gr\u00e2ce \u00e0 notre r\u00e9seau mondial de talents, propulsant votre entreprise vers un succ\u00e8s durable dans le paysage concurrentiel d&rsquo;aujourd&rsquo;hui.<\/p>\t\t\t\t\t\t<\/div>\n\t\t\t\t<\/div>\n\t\t\t\t\t<\/div>\n\t\t<\/div>\n\t\t\t\t\t<\/div>\n\t\t<\/section>\n\t\t\t\t<section class=\"elementor-section elementor-top-section elementor-element elementor-element-4730bf3 elementor-section-content-middle elementor-reverse-mobile elementor-section-boxed elementor-section-height-default elementor-section-height-default\" data-id=\"4730bf3\" data-element_type=\"section\">\n\t\t\t\t\t\t<div class=\"elementor-container elementor-column-gap-default\">\n\t\t\t\t\t<div class=\"elementor-column elementor-col-50 elementor-top-column elementor-element elementor-element-0ef0e5b\" data-id=\"0ef0e5b\" data-element_type=\"column\">\n\t\t\t<div class=\"elementor-widget-wrap elementor-element-populated\">\n\t\t\t\t\t\t<div class=\"elementor-element elementor-element-c09c1cc elementor-invisible elementor-widget elementor-widget-heading\" data-id=\"c09c1cc\" data-element_type=\"widget\" data-settings=\"{&quot;_animation&quot;:&quot;fadeInLeft&quot;}\" data-widget_type=\"heading.default\">\n\t\t\t\t<div class=\"elementor-widget-container\">\n\t\t\t<h3 class=\"elementor-heading-title elementor-size-default\">Acquisition de talents internationaux<\/h3>\t\t<\/div>\n\t\t\t\t<\/div>\n\t\t\t\t<div class=\"elementor-element elementor-element-04df7b8 elementor-widget__width-initial elementor-widget-tablet__width-inherit elementor-invisible elementor-widget elementor-widget-text-editor\" data-id=\"04df7b8\" data-element_type=\"widget\" data-settings=\"{&quot;_animation&quot;:&quot;fadeInLeft&quot;}\" data-widget_type=\"text-editor.default\">\n\t\t\t\t<div class=\"elementor-widget-container\">\n\t\t\t\t\t\t\t<p>D\u00e9couvrez des professionnels internationaux qualifi\u00e9s ma\u00eetrisant l&rsquo;allemand et apportant une expertise sur mesure pour la croissance de votre entreprise. Facilitant une assimilation transparente, ils favorisent l\u2019expansion dans des secteurs vitaux, garantissant ainsi des entreprises florissantes.<\/p><p>Notre vaste r\u00e9seau rationalise le recrutement, en tirant parti de la diversit\u00e9 mondiale et des comp\u00e9tences sp\u00e9cialis\u00e9es, favorisant l&rsquo;innovation et le succ\u00e8s pour une croissance durable dans le paysage concurrentiel d&rsquo;aujourd&rsquo;hui.<\/p><p>Lib\u00e9rez le potentiel de votre entreprise gr\u00e2ce \u00e0 notre r\u00e9seau mondial de talents.<\/p>\t\t\t\t\t\t<\/div>\n\t\t\t\t<\/div>\n\t\t\t\t\t<\/div>\n\t\t<\/div>\n\t\t\t\t<div class=\"elementor-column elementor-col-50 elementor-top-column elementor-element elementor-element-b79762a\" data-id=\"b79762a\" data-element_type=\"column\">\n\t\t\t<div class=\"elementor-widget-wrap elementor-element-populated\">\n\t\t\t\t\t\t<div class=\"elementor-element elementor-element-61233bb elementor-widget__width-initial elementor-widget-mobile__width-inherit elementor-invisible elementor-widget elementor-widget-image\" data-id=\"61233bb\" data-element_type=\"widget\" data-settings=\"{&quot;_animation&quot;:&quot;fadeInRight&quot;}\" data-widget_type=\"image.default\">\n\t\t\t\t<div class=\"elementor-widget-container\">\n\t\t\t\t\t\t\t\t\t\t\t\t\t<img decoding=\"async\" width=\"2000\" height=\"1334\" src=\"https:\/\/www.internation-talents.de\/wp-content\/uploads\/2024\/02\/0ef81904648c218ea50b77a0e8f272c6-1.png\" class=\"attachment-full size-full wp-image-827\" alt=\"\" srcset=\"https:\/\/www.internation-talents.de\/wp-content\/uploads\/2024\/02\/0ef81904648c218ea50b77a0e8f272c6-1.png 2000w, https:\/\/www.internation-talents.de\/wp-content\/uploads\/2024\/02\/0ef81904648c218ea50b77a0e8f272c6-1-300x200.png 300w, https:\/\/www.internation-talents.de\/wp-content\/uploads\/2024\/02\/0ef81904648c218ea50b77a0e8f272c6-1-1024x683.png 1024w, https:\/\/www.internation-talents.de\/wp-content\/uploads\/2024\/02\/0ef81904648c218ea50b77a0e8f272c6-1-768x512.png 768w, https:\/\/www.internation-talents.de\/wp-content\/uploads\/2024\/02\/0ef81904648c218ea50b77a0e8f272c6-1-1536x1025.png 1536w, https:\/\/www.internation-talents.de\/wp-content\/uploads\/2024\/02\/0ef81904648c218ea50b77a0e8f272c6-1-1568x1046.png 1568w\" sizes=\"(max-width: 2000px) 100vw, 2000px\" style=\"width:100%;height:66.7%;max-width:2000px\" \/>\t\t\t\t\t\t\t\t\t\t\t\t\t<\/div>\n\t\t\t\t<\/div>\n\t\t\t\t\t<\/div>\n\t\t<\/div>\n\t\t\t\t\t<\/div>\n\t\t<\/section>\n\t\t\t\t<\/div>\n\t\t","protected":false},"excerpt":{"rendered":"<p>Acquisition de talents \u00e0 l&rsquo;\u00e9chelle mondiale Explorez un large \u00e9ventail de professionnels internationaux comp\u00e9tents ma\u00eetrisant l&rsquo;allemand, offrant une expertise sur mesure pour la croissance de votre entreprise. Facilitant une assimilation transparente, ils favorisent l\u2019expansion dans des secteurs vitaux, garantissant ainsi la prosp\u00e9rit\u00e9 de votre entreprise. Notre vaste r\u00e9seau vous met en contact avec les meilleurs&hellip; <a class=\"more-link\" href=\"https:\/\/www.internation-talents.de\/fr\/talents-internationaux\/\">Poursuivre la lecture <span class=\"screen-reader-text\">Acquisition de talents internationaux<\/span><\/a><\/p>\n","protected":false},"author":1,"featured_media":0,"parent":0,"menu_order":0,"comment_status":"closed","ping_status":"closed","template":"elementor_header_footer","meta":{"_acf_changed":false,"footnotes":""},"class_list":["post-1876","page","type-page","status-publish","hentry","entry"],"acf":[],"_links":{"self":[{"href":"https:\/\/www.internation-talents.de\/fr\/wp-json\/wp\/v2\/pages\/1876","targetHints":{"allow":["GET"]}}],"collection":[{"href":"https:\/\/www.internation-talents.de\/fr\/wp-json\/wp\/v2\/pages"}],"about":[{"href":"https:\/\/www.internation-talents.de\/fr\/wp-json\/wp\/v2\/types\/page"}],"author":[{"embeddable":true,"href":"https:\/\/www.internation-talents.de\/fr\/wp-json\/wp\/v2\/users\/1"}],"replies":[{"embeddable":true,"href":"https:\/\/www.internation-talents.de\/fr\/wp-json\/wp\/v2\/comments?post=1876"}],"version-history":[{"count":7,"href":"https:\/\/www.internation-talents.de\/fr\/wp-json\/wp\/v2\/pages\/1876\/revisions"}],"predecessor-version":[{"id":2218,"href":"https:\/\/www.internation-talents.de\/fr\/wp-json\/wp\/v2\/pages\/1876\/revisions\/2218"}],"wp:attachment":[{"href":"https:\/\/www.internation-talents.de\/fr\/wp-json\/wp\/v2\/media?parent=1876"}],"curies":[{"name":"wp","href":"https:\/\/api.w.org\/{rel}","templated":true}]}}