{"id":2039,"date":"2024-02-15T12:17:07","date_gmt":"2024-02-15T12:17:07","guid":{"rendered":"https:\/\/www.internation-talents.de\/?page_id=2039"},"modified":"2024-03-18T12:02:36","modified_gmt":"2024-03-18T12:02:36","slug":"divulgation-legale","status":"publish","type":"page","link":"https:\/\/www.internation-talents.de\/fr\/divulgation-legale\/","title":{"rendered":"Divulgation l\u00e9gale"},"content":{"rendered":"\t\t<div data-elementor-type=\"wp-page\" data-elementor-id=\"2039\" class=\"elementor elementor-2039\" data-elementor-post-type=\"page\">\n\t\t\t\t\t\t<section class=\"elementor-section elementor-top-section elementor-element elementor-element-ed1fe29 elementor-section-boxed elementor-section-height-default elementor-section-height-default\" data-id=\"ed1fe29\" data-element_type=\"section\" data-settings=\"{&quot;background_background&quot;:&quot;classic&quot;}\">\n\t\t\t\t\t\t<div class=\"elementor-container elementor-column-gap-default\">\n\t\t\t\t\t<div class=\"elementor-column elementor-col-50 elementor-top-column elementor-element elementor-element-531c709\" data-id=\"531c709\" data-element_type=\"column\">\n\t\t\t<div class=\"elementor-widget-wrap elementor-element-populated\">\n\t\t\t\t\t\t\t<\/div>\n\t\t<\/div>\n\t\t\t\t<div class=\"elementor-column elementor-col-50 elementor-top-column elementor-element elementor-element-57c9704\" data-id=\"57c9704\" data-element_type=\"column\">\n\t\t\t<div class=\"elementor-widget-wrap\">\n\t\t\t\t\t\t\t<\/div>\n\t\t<\/div>\n\t\t\t\t\t<\/div>\n\t\t<\/section>\n\t\t\t\t<section class=\"elementor-section elementor-top-section elementor-element elementor-element-35fec88 elementor-section-boxed elementor-section-height-default elementor-section-height-default elementor-invisible\" data-id=\"35fec88\" data-element_type=\"section\" data-settings=\"{&quot;animation&quot;:&quot;fadeInUp&quot;}\">\n\t\t\t\t\t\t<div class=\"elementor-container elementor-column-gap-default\">\n\t\t\t\t\t<div class=\"elementor-column elementor-col-100 elementor-top-column elementor-element elementor-element-5c1b9c7\" data-id=\"5c1b9c7\" data-element_type=\"column\">\n\t\t\t<div class=\"elementor-widget-wrap elementor-element-populated\">\n\t\t\t\t\t\t<div class=\"elementor-element elementor-element-a5ad7ec elementor-widget elementor-widget-heading\" data-id=\"a5ad7ec\" data-element_type=\"widget\" data-widget_type=\"heading.default\">\n\t\t\t\t<div class=\"elementor-widget-container\">\n\t\t\t<style>\/*! elementor - v3.20.0 - 26-03-2024 *\/\n.elementor-heading-title{padding:0;margin:0;line-height:1}.elementor-widget-heading .elementor-heading-title[class*=elementor-size-]>a{color:inherit;font-size:inherit;line-height:inherit}.elementor-widget-heading .elementor-heading-title.elementor-size-small{font-size:15px}.elementor-widget-heading .elementor-heading-title.elementor-size-medium{font-size:19px}.elementor-widget-heading .elementor-heading-title.elementor-size-large{font-size:29px}.elementor-widget-heading .elementor-heading-title.elementor-size-xl{font-size:39px}.elementor-widget-heading .elementor-heading-title.elementor-size-xxl{font-size:59px}<\/style><h3 class=\"elementor-heading-title elementor-size-default\">Clause de non-responsabilit\u00e9:<\/h3>\t\t<\/div>\n\t\t\t\t<\/div>\n\t\t\t\t<div class=\"elementor-element elementor-element-60eb98f elementor-widget elementor-widget-text-editor\" data-id=\"60eb98f\" data-element_type=\"widget\" data-widget_type=\"text-editor.default\">\n\t\t\t\t<div class=\"elementor-widget-container\">\n\t\t\t<style>\/*! elementor - v3.20.0 - 26-03-2024 *\/\n.elementor-widget-text-editor.elementor-drop-cap-view-stacked .elementor-drop-cap{background-color:#69727d;color:#fff}.elementor-widget-text-editor.elementor-drop-cap-view-framed .elementor-drop-cap{color:#69727d;border:3px solid;background-color:transparent}.elementor-widget-text-editor:not(.elementor-drop-cap-view-default) .elementor-drop-cap{margin-top:8px}.elementor-widget-text-editor:not(.elementor-drop-cap-view-default) .elementor-drop-cap-letter{width:1em;height:1em}.elementor-widget-text-editor .elementor-drop-cap{float:left;text-align:center;line-height:1;font-size:50px}.elementor-widget-text-editor .elementor-drop-cap-letter{display:inline-block}<\/style>\t\t\t\t<p>Notre site Web sert de plate-forme pour les services de recrutement international. Nous fournissons des liens vers des sites Web tiers et des offres d\u2019emploi \u00e0 des fins d\u2019information. Cependant, nous n\u2019approuvons ni ne contr\u00f4lons le contenu de ces sites Web externes ou offres d\u2019emploi. La responsabilit\u00e9 de l&rsquo;exactitude, de la l\u00e9galit\u00e9 et de l&rsquo;exhaustivit\u00e9 des informations fournies incombe uniquement aux fournisseurs tiers concern\u00e9s. Bien que nous nous efforcions d&rsquo;assurer la qualit\u00e9 et la fiabilit\u00e9 du contenu partag\u00e9 sur notre plateforme, nous ne pouvons garantir son exactitude ou son ad\u00e9quation \u00e0 des fins sp\u00e9cifiques. Les utilisateurs doivent faire preuve de jugement et de discr\u00e9tion lorsqu&rsquo;ils utilisent les informations fournies.<\/p>\t\t\t\t\t\t<\/div>\n\t\t\t\t<\/div>\n\t\t\t\t<div class=\"elementor-element elementor-element-f754825 elementor-widget elementor-widget-heading\" data-id=\"f754825\" data-element_type=\"widget\" data-widget_type=\"heading.default\">\n\t\t\t\t<div class=\"elementor-widget-container\">\n\t\t\t<h3 class=\"elementor-heading-title elementor-size-default\">mentions l\u00e9gales<\/h3>\t\t<\/div>\n\t\t\t\t<\/div>\n\t\t\t\t<div class=\"elementor-element elementor-element-80d6c92 elementor-widget elementor-widget-text-editor\" data-id=\"80d6c92\" data-element_type=\"widget\" data-widget_type=\"text-editor.default\">\n\t\t\t\t<div class=\"elementor-widget-container\">\n\t\t\t\t\t\t\t<p>Internation Talents e.U.<\/p><p>Propri\u00e9taire : Anass Khattabi<\/p><p>Agence de recrutement<\/p><p>Allemagne<\/p><p>E-mail : info@internation-talents.de<\/p><p>T\u00e9l\u00e9phone : +49 151 2368 5792<\/p><p>\u00a0<\/p><p>Recrutement de personnel qualifi\u00e9 et de jeunes talents<\/p><p>Si\u00e8ge de la soci\u00e9t\u00e9 : 40215 D\u00fcsseldorf<\/p><p>Jahnstra\u00dfe 67, Allemagne<\/p><p>\u00a0<\/p><p>Bureau des imp\u00f4ts : D\u00fcsseldorf Sud<\/p><p>N\u00b0 de TVA intracommunautaire : XXXXXXXX<\/p><p>\u00a0<\/p><p>Membre de la CCI de D\u00fcsseldorf, d\u00e9l\u00e9gu\u00e9 culturel<\/p><p>Sp\u00e9cialis\u00e9 dans la promotion et le placement de personnel qualifi\u00e9, de jeunes talents et d&rsquo;apprentis.<\/p><p>Nous nous engageons pour le d\u00e9veloppement professionnel et l&rsquo;enrichissement culturel.<\/p>\t\t\t\t\t\t<\/div>\n\t\t\t\t<\/div>\n\t\t\t\t\t<\/div>\n\t\t<\/div>\n\t\t\t\t\t<\/div>\n\t\t<\/section>\n\t\t\t\t<\/div>\n\t\t","protected":false},"excerpt":{"rendered":"<p>Clause de non-responsabilit\u00e9: Notre site Web sert de plate-forme pour les services de recrutement international. Nous fournissons des liens vers des sites Web tiers et des offres d\u2019emploi \u00e0 des fins d\u2019information. Cependant, nous n\u2019approuvons ni ne contr\u00f4lons le contenu de ces sites Web externes ou offres d\u2019emploi. La responsabilit\u00e9 de l&rsquo;exactitude, de la l\u00e9galit\u00e9&hellip; <a class=\"more-link\" href=\"https:\/\/www.internation-talents.de\/fr\/divulgation-legale\/\">Poursuivre la lecture <span class=\"screen-reader-text\">Divulgation l\u00e9gale<\/span><\/a><\/p>\n","protected":false},"author":1,"featured_media":0,"parent":0,"menu_order":0,"comment_status":"closed","ping_status":"closed","template":"elementor_header_footer","meta":{"_acf_changed":false,"footnotes":""},"class_list":["post-2039","page","type-page","status-publish","hentry","entry"],"acf":[],"_links":{"self":[{"href":"https:\/\/www.internation-talents.de\/fr\/wp-json\/wp\/v2\/pages\/2039","targetHints":{"allow":["GET"]}}],"collection":[{"href":"https:\/\/www.internation-talents.de\/fr\/wp-json\/wp\/v2\/pages"}],"about":[{"href":"https:\/\/www.internation-talents.de\/fr\/wp-json\/wp\/v2\/types\/page"}],"author":[{"embeddable":true,"href":"https:\/\/www.internation-talents.de\/fr\/wp-json\/wp\/v2\/users\/1"}],"replies":[{"embeddable":true,"href":"https:\/\/www.internation-talents.de\/fr\/wp-json\/wp\/v2\/comments?post=2039"}],"version-history":[{"count":11,"href":"https:\/\/www.internation-talents.de\/fr\/wp-json\/wp\/v2\/pages\/2039\/revisions"}],"predecessor-version":[{"id":2398,"href":"https:\/\/www.internation-talents.de\/fr\/wp-json\/wp\/v2\/pages\/2039\/revisions\/2398"}],"wp:attachment":[{"href":"https:\/\/www.internation-talents.de\/fr\/wp-json\/wp\/v2\/media?parent=2039"}],"curies":[{"name":"wp","href":"https:\/\/api.w.org\/{rel}","templated":true}]}}